{"id":76,"date":"2024-10-14T10:21:33","date_gmt":"2024-10-14T08:21:33","guid":{"rendered":"https:\/\/pazinclusionigualdad.com\/?page_id=76"},"modified":"2024-11-20T20:42:53","modified_gmt":"2024-11-20T19:42:53","slug":"proyectos","status":"publish","type":"page","link":"https:\/\/pazinclusionigualdad.com\/index.php\/proyectos\/","title":{"rendered":"Proyectos"},"content":{"rendered":"\n<div style=\"height:30px\" aria-hidden=\"true\" class=\"wp-block-spacer\"><\/div>\n\n\n\n<div class=\"wp-block-group alignwide has-background is-vertical is-layout-flex wp-container-core-group-is-layout-fe9cc265 wp-block-group-is-layout-flex\" style=\"border-radius:30px;background-color:#8dd2fc47\">\n<p style=\"font-size:clamp(16.293px, 1.018rem + ((1vw - 3.2px) * 0.989), 25px);\"><strong>FER ROGLE: CIUTADANIA GLOBAL PAC\u00cdFICA, INCLUSIVA I IGUALIT\u00c0RIA<\/strong><\/p>\n\n\n\n<p>FER ROGLE, significa \u201chacerse escuchar o ser considerado\/a por las dem\u00e1s personas\u201d. Esta expresi\u00f3n valenciana quiere reflejar el potencial que tenemos las personas, con nuestra aptitud, competencias y capacidades de liderar a otras personas y acciones. Y es desde este significado, que el proyecto se centra en generar los procesos socioeducativos por los que las personas aprenden a:<\/p>\n\n\n\n<div class=\"wp-block-columns alignwide is-layout-flex wp-container-core-columns-is-layout-28f84493 wp-block-columns-is-layout-flex\">\n<div class=\"wp-block-column is-vertically-aligned-center is-layout-flow wp-block-column-is-layout-flow\" style=\"flex-basis:66.66%\">\n<ul class=\"wp-block-list\">\n<li>LIDERAR acciones de Cultura de Paz, que influencian a otras personas, y por tanto ayudan a transformar las realidades de vulneraci\u00f3n de los DDHH.<\/li>\n\n\n\n<li>PARTICIPAR en acciones creadas y desarrolladas por los colectivos socioeducativos, con la finalidad de aprender a gestionar pac\u00edficamente, tanto la convivencia como los conflictos que van surgiendo.<\/li>\n\n\n\n<li>APRENDER que la participaci\u00f3n democr\u00e1tica se basa en el di\u00e1logo colaborativo y en el respeto por la diversidad y por la defensa del principio de igualdad de trato, comenzando desde la infancia y reforzando en las etapas joven y adulta.<\/li>\n<\/ul>\n<\/div>\n\n\n\n<div class=\"wp-block-column is-vertically-aligned-center is-layout-flow wp-block-column-is-layout-flow\" style=\"flex-basis:33.33%\">\n<figure class=\"wp-block-image size-large has-custom-border\"><img loading=\"lazy\" decoding=\"async\" width=\"771\" height=\"1024\" src=\"https:\/\/pazinclusionigualdad.com\/wp-content\/uploads\/2024\/10\/FOTO-PROYECTOS-771x1024.jpg\" alt=\"\" class=\"wp-image-85\" style=\"border-radius:30px;border-right-color:#1252a1;border-right-width:5px;border-bottom-color:#1252a1;border-bottom-width:10px\" srcset=\"https:\/\/pazinclusionigualdad.com\/wp-content\/uploads\/2024\/10\/FOTO-PROYECTOS-771x1024.jpg 771w, https:\/\/pazinclusionigualdad.com\/wp-content\/uploads\/2024\/10\/FOTO-PROYECTOS-226x300.jpg 226w, https:\/\/pazinclusionigualdad.com\/wp-content\/uploads\/2024\/10\/FOTO-PROYECTOS-768x1020.jpg 768w, https:\/\/pazinclusionigualdad.com\/wp-content\/uploads\/2024\/10\/FOTO-PROYECTOS-1157x1536.jpg 1157w, https:\/\/pazinclusionigualdad.com\/wp-content\/uploads\/2024\/10\/FOTO-PROYECTOS-1542x2048.jpg 1542w, https:\/\/pazinclusionigualdad.com\/wp-content\/uploads\/2024\/10\/FOTO-PROYECTOS-scaled.jpg 1928w\" sizes=\"auto, (max-width: 771px) 100vw, 771px\" \/><\/figure>\n<\/div>\n<\/div>\n\n\n\n<div style=\"height:0px\" aria-hidden=\"true\" class=\"wp-block-spacer wp-container-content-cf2db169\"><\/div>\n\n\n\n<p style=\"font-size:clamp(16.293px, 1.018rem + ((1vw - 3.2px) * 0.989), 25px);\"><\/p>\n<\/div>\n\n\n\n<div class=\"wp-block-group has-background is-vertical is-layout-flex wp-container-core-group-is-layout-fe9cc265 wp-block-group-is-layout-flex\" style=\"border-radius:30px;background-color:#8dd2fc47\">\n<p style=\"font-size:clamp(16.293px, 1.018rem + ((1vw - 3.2px) * 0.989), 25px);\"><strong>COMUNITATS EN PEU DE PAU<\/strong><\/p>\n\n\n\n<p>Estas acciones se proponen para involucrar al colectivo de infancia y adolescencia, ampliando sus motivaciones y sus capacidades de sentirse personas pac\u00edficas, es decir activas y participativas en las comunidades educativas. Aprenden de forma natural en la escuela y el instituto, que tambi\u00e9n pueden serlo en sus barrios o localidades.<\/p>\n\n\n\n<p><strong>La convivencia pac\u00edfica requiere desmontar la violencia, proponiendo estrategias de interacci\u00f3n basadas en el respeto a la diversidad individual, el principio de Igualdad de oportunidades y la mutua valoraci\u00f3n.<\/strong><\/p>\n<\/div>\n","protected":false},"excerpt":{"rendered":"<p>FER ROGLE: CIUTADANIA GLOBAL PAC\u00cdFICA, INCLUSIVA I IGUALIT\u00c0RIA FER ROGLE, significa \u201chacerse escuchar o ser considerado\/a por las dem\u00e1s personas\u201d. Esta expresi\u00f3n valenciana quiere reflejar el potencial que tenemos las personas, con nuestra aptitud, competencias y capacidades de liderar a otras personas y acciones. Y es desde este significado, que el proyecto se centra en [&hellip;]<\/p>\n","protected":false},"author":1,"featured_media":0,"parent":0,"menu_order":0,"comment_status":"closed","ping_status":"closed","template":"","meta":{"footnotes":""},"class_list":["post-76","page","type-page","status-publish","hentry"],"_links":{"self":[{"href":"https:\/\/pazinclusionigualdad.com\/index.php\/wp-json\/wp\/v2\/pages\/76","targetHints":{"allow":["GET"]}}],"collection":[{"href":"https:\/\/pazinclusionigualdad.com\/index.php\/wp-json\/wp\/v2\/pages"}],"about":[{"href":"https:\/\/pazinclusionigualdad.com\/index.php\/wp-json\/wp\/v2\/types\/page"}],"author":[{"embeddable":true,"href":"https:\/\/pazinclusionigualdad.com\/index.php\/wp-json\/wp\/v2\/users\/1"}],"replies":[{"embeddable":true,"href":"https:\/\/pazinclusionigualdad.com\/index.php\/wp-json\/wp\/v2\/comments?post=76"}],"version-history":[{"count":15,"href":"https:\/\/pazinclusionigualdad.com\/index.php\/wp-json\/wp\/v2\/pages\/76\/revisions"}],"predecessor-version":[{"id":270,"href":"https:\/\/pazinclusionigualdad.com\/index.php\/wp-json\/wp\/v2\/pages\/76\/revisions\/270"}],"wp:attachment":[{"href":"https:\/\/pazinclusionigualdad.com\/index.php\/wp-json\/wp\/v2\/media?parent=76"}],"curies":[{"name":"wp","href":"https:\/\/api.w.org\/{rel}","templated":true}]}}