{"id":601,"date":"2025-10-21T13:39:48","date_gmt":"2025-10-21T11:39:48","guid":{"rendered":"https:\/\/pazinclusionigualdad.com\/?page_id=601"},"modified":"2025-10-22T14:33:53","modified_gmt":"2025-10-22T12:33:53","slug":"proces-de-radio-social-i-comunitaria-amb-el-grup-de-majors-actius-en-fontanars-dels-alforins","status":"publish","type":"page","link":"https:\/\/pazinclusionigualdad.com\/index.php\/procesos-de-radio-social-y-comunitaria\/proces-de-radio-social-i-comunitaria-amb-el-grup-de-majors-actius-en-fontanars-dels-alforins\/","title":{"rendered":"PROC\u00c9S DE R\u00c0DIO SOCIAL I COMUNIT\u00c0RIA AMB EL GRUP DE MAJORS ACTIUS, EN FONTANARS DELS ALFORINS"},"content":{"rendered":"\n<div class=\"wp-block-group has-background is-vertical is-layout-flex wp-container-core-group-is-layout-fe9cc265 wp-block-group-is-layout-flex\" style=\"border-radius:30px;background-color:#7bdbb580\">\n<p><strong>TEMA CENTRAL<\/strong>: 5 d\u2019abril dia internacional de la consci\u00e8ncia.<\/p>\n\n\n\n<p><strong>Participants<\/strong>: Sara, Pep, Inma, Pilar, Chelo, Isabel, Ester, M\u00aa Jes\u00fas, M\u00aa \u00c1ngeles, Maru, Carmen y Mar\u00eda.<\/p>\n\n\n\n<p>Moltes gr\u00e0cies Mar\u00eda, per la teua col\u00b7laboraci\u00f3 amb el grup.<\/p>\n\n\n\n<p>Gr\u00e0cies, Cristina per facilitar el proc\u00e9s, des de l\u2019Ajuntament.<\/p>\n<\/div>\n\n\n\n<div class=\"wp-block-columns is-layout-flex wp-container-core-columns-is-layout-28f84493 wp-block-columns-is-layout-flex\">\n<div class=\"wp-block-column is-layout-flow wp-block-column-is-layout-flow\">\n<figure class=\"wp-block-image aligncenter size-full has-custom-border\"><img loading=\"lazy\" decoding=\"async\" width=\"500\" height=\"281\" src=\"https:\/\/pazinclusionigualdad.com\/wp-content\/uploads\/2025\/10\/Fontanars-1.jpg\" alt=\"\" class=\"wp-image-602\" style=\"border-radius:30px\" srcset=\"https:\/\/pazinclusionigualdad.com\/wp-content\/uploads\/2025\/10\/Fontanars-1.jpg 500w, https:\/\/pazinclusionigualdad.com\/wp-content\/uploads\/2025\/10\/Fontanars-1-300x169.jpg 300w\" sizes=\"auto, (max-width: 500px) 100vw, 500px\" \/><\/figure>\n<\/div>\n\n\n\n<div class=\"wp-block-column is-layout-flow wp-block-column-is-layout-flow\">\n<figure class=\"wp-block-image aligncenter size-full has-custom-border\"><img loading=\"lazy\" decoding=\"async\" width=\"500\" height=\"280\" src=\"https:\/\/pazinclusionigualdad.com\/wp-content\/uploads\/2025\/10\/Fontanars-1-1.jpg\" alt=\"\" class=\"wp-image-603\" style=\"border-radius:30px\" srcset=\"https:\/\/pazinclusionigualdad.com\/wp-content\/uploads\/2025\/10\/Fontanars-1-1.jpg 500w, https:\/\/pazinclusionigualdad.com\/wp-content\/uploads\/2025\/10\/Fontanars-1-1-300x168.jpg 300w\" sizes=\"auto, (max-width: 500px) 100vw, 500px\" \/><\/figure>\n<\/div>\n<\/div>\n\n\n\n<figure class=\"wp-block-audio\"><audio controls src=\"https:\/\/pazinclusionigualdad.com\/wp-content\/uploads\/2025\/10\/PROGRAMA-FONTANARS-ok.mp3\"><\/audio><figcaption class=\"wp-element-caption\"><strong>Dona al play per escoltar moltes bones idees al voltant de la consci\u00e8ncia humana, como a valor de Pau amb la nostra comunitat<\/strong><\/figcaption><\/figure>\n\n\n\n<div class=\"wp-block-columns is-layout-flex wp-container-core-columns-is-layout-28f84493 wp-block-columns-is-layout-flex\">\n<div class=\"wp-block-column is-layout-flow wp-block-column-is-layout-flow\">\n<figure class=\"wp-block-image aligncenter size-full has-custom-border\"><img loading=\"lazy\" decoding=\"async\" width=\"500\" height=\"333\" src=\"https:\/\/pazinclusionigualdad.com\/wp-content\/uploads\/2025\/10\/Fontanars-2.jpg\" alt=\"\" class=\"wp-image-606\" style=\"border-radius:30px\" srcset=\"https:\/\/pazinclusionigualdad.com\/wp-content\/uploads\/2025\/10\/Fontanars-2.jpg 500w, https:\/\/pazinclusionigualdad.com\/wp-content\/uploads\/2025\/10\/Fontanars-2-300x200.jpg 300w\" sizes=\"auto, (max-width: 500px) 100vw, 500px\" \/><\/figure>\n<\/div>\n\n\n\n<div class=\"wp-block-column is-layout-flow wp-block-column-is-layout-flow\">\n<figure class=\"wp-block-image aligncenter size-full has-custom-border\"><img loading=\"lazy\" decoding=\"async\" width=\"500\" height=\"333\" src=\"https:\/\/pazinclusionigualdad.com\/wp-content\/uploads\/2025\/10\/Fontanars-3.jpg\" alt=\"\" class=\"wp-image-607\" style=\"border-radius:30px\" srcset=\"https:\/\/pazinclusionigualdad.com\/wp-content\/uploads\/2025\/10\/Fontanars-3.jpg 500w, https:\/\/pazinclusionigualdad.com\/wp-content\/uploads\/2025\/10\/Fontanars-3-300x200.jpg 300w\" sizes=\"auto, (max-width: 500px) 100vw, 500px\" \/><\/figure>\n<\/div>\n<\/div>\n\n\n\n<div class=\"wp-block-columns is-layout-flex wp-container-core-columns-is-layout-28f84493 wp-block-columns-is-layout-flex\">\n<div class=\"wp-block-column is-layout-flow wp-block-column-is-layout-flow\">\n<figure class=\"wp-block-image aligncenter size-full has-custom-border\"><img loading=\"lazy\" decoding=\"async\" width=\"500\" height=\"333\" src=\"https:\/\/pazinclusionigualdad.com\/wp-content\/uploads\/2025\/10\/Fontanars-4.jpg\" alt=\"\" class=\"wp-image-610\" style=\"border-radius:30px\" srcset=\"https:\/\/pazinclusionigualdad.com\/wp-content\/uploads\/2025\/10\/Fontanars-4.jpg 500w, https:\/\/pazinclusionigualdad.com\/wp-content\/uploads\/2025\/10\/Fontanars-4-300x200.jpg 300w\" sizes=\"auto, (max-width: 500px) 100vw, 500px\" \/><\/figure>\n<\/div>\n\n\n\n<div class=\"wp-block-column is-layout-flow wp-block-column-is-layout-flow\">\n<figure class=\"wp-block-image aligncenter size-full has-custom-border\"><img loading=\"lazy\" decoding=\"async\" width=\"500\" height=\"334\" src=\"https:\/\/pazinclusionigualdad.com\/wp-content\/uploads\/2025\/10\/Fontanars-5.jpg\" alt=\"\" class=\"wp-image-609\" style=\"border-radius:30px\" srcset=\"https:\/\/pazinclusionigualdad.com\/wp-content\/uploads\/2025\/10\/Fontanars-5.jpg 500w, https:\/\/pazinclusionigualdad.com\/wp-content\/uploads\/2025\/10\/Fontanars-5-300x200.jpg 300w\" sizes=\"auto, (max-width: 500px) 100vw, 500px\" \/><\/figure>\n<\/div>\n<\/div>\n\n\n\n<div class=\"wp-block-group has-background is-vertical is-layout-flex wp-container-core-group-is-layout-fe9cc265 wp-block-group-is-layout-flex\" style=\"border-radius:30px;background-color:#7bdbb580\">\n<p><strong>Sara i Pep som la vostra parella presentadora<\/strong> d\u2019aquest programa de r\u00e0dio social i comunit\u00e0ria: el dia 5 de abril, que \u00e9s el dia internacional de la consci\u00e8ncia, basada en&nbsp; l&#8217;amor, el pensament pac\u00edfic i l&#8217;acci\u00f3 col\u00b7lectiva.<\/p>\n\n\n\n<p><strong>Qu\u00e8 \u00e9s el dia internacional de la consci\u00e8ncia? per Inma i Pilar.<\/strong><\/p>\n\n\n\n<p>Posa en relleu el paper fonamental de la consci\u00e8ncia com a for\u00e7a orientadora, per aconseguir la pau mundial, la toler\u00e0ncia i el respecte m\u00fatua.<\/p>\n\n\n\n<p>\u00c9s el poder de la reflexi\u00f3 \u00e8tica i l&#8217;acci\u00f3 compassiva a l\u2019hora d\u2019abordar els reptes mundials actuals.<\/p>\n\n\n\n<p>Fa una crida a les societats de tot el m\u00f3n, perqu\u00e8 promouen el di\u00e0leg, cultiven l\u2019empatia i adopten comportaments conscients, que defensen la dignitat humana, contribu\u00efsquen al desenvolupament sostenible i fomenten la coexist\u00e8ncia pac\u00edfica entre diverses cultures.<\/p>\n\n\n\n<p>La consci\u00e8ncia humana, crea la cultura de la Pau.<\/p>\n\n\n\n<p>Per formar una cultura de pau s\u00f3n necess\u00e0ries, activitats educatives, culturals, socials i c\u00edviques de car\u00e0cter general.<\/p>\n\n\n\n<p>\u00c9s una cultura que ofer\u00eds a tots l&#8217;oportunitat d\u2019aprendre, donar i compartir.<\/p>\n\n\n\n<p>La cultura de pau est\u00e0 basada en el sentit m\u00e9s ampli positiu de la pau.<\/p>\n\n\n\n<p>\u00c9s un conjunt de valor, actitud, tradicions i costums, comportament i modes de vida enfocades al respecte per la vida, dels \u00e9ssers humans i dels seus drets.<\/p>\n<\/div>\n\n\n\n<div class=\"wp-block-columns is-layout-flex wp-container-core-columns-is-layout-28f84493 wp-block-columns-is-layout-flex\">\n<div class=\"wp-block-column is-layout-flow wp-block-column-is-layout-flow\">\n<figure class=\"wp-block-image aligncenter size-full has-custom-border\"><img loading=\"lazy\" decoding=\"async\" width=\"500\" height=\"333\" src=\"https:\/\/pazinclusionigualdad.com\/wp-content\/uploads\/2025\/10\/Fontanars-8.jpg\" alt=\"\" class=\"wp-image-613\" style=\"border-radius:30px\" srcset=\"https:\/\/pazinclusionigualdad.com\/wp-content\/uploads\/2025\/10\/Fontanars-8.jpg 500w, https:\/\/pazinclusionigualdad.com\/wp-content\/uploads\/2025\/10\/Fontanars-8-300x200.jpg 300w\" sizes=\"auto, (max-width: 500px) 100vw, 500px\" \/><\/figure>\n<\/div>\n\n\n\n<div class=\"wp-block-column is-layout-flow wp-block-column-is-layout-flow\">\n<figure class=\"wp-block-image aligncenter size-full has-custom-border\"><img loading=\"lazy\" decoding=\"async\" width=\"500\" height=\"333\" src=\"https:\/\/pazinclusionigualdad.com\/wp-content\/uploads\/2025\/10\/Fontanars-7.jpg\" alt=\"\" class=\"wp-image-614\" style=\"border-radius:30px\" srcset=\"https:\/\/pazinclusionigualdad.com\/wp-content\/uploads\/2025\/10\/Fontanars-7.jpg 500w, https:\/\/pazinclusionigualdad.com\/wp-content\/uploads\/2025\/10\/Fontanars-7-300x200.jpg 300w\" sizes=\"auto, (max-width: 500px) 100vw, 500px\" \/><\/figure>\n<\/div>\n<\/div>\n\n\n\n<div class=\"wp-block-columns is-layout-flex wp-container-core-columns-is-layout-28f84493 wp-block-columns-is-layout-flex\">\n<div class=\"wp-block-column is-layout-flow wp-block-column-is-layout-flow\" style=\"flex-basis:25%\"><\/div>\n\n\n\n<div class=\"wp-block-column is-layout-flow wp-block-column-is-layout-flow\" style=\"flex-basis:50%\">\n<figure class=\"wp-block-image aligncenter size-full has-custom-border\"><img loading=\"lazy\" decoding=\"async\" width=\"500\" height=\"333\" src=\"https:\/\/pazinclusionigualdad.com\/wp-content\/uploads\/2025\/10\/Fontanars-6.jpg\" alt=\"\" class=\"wp-image-615\" style=\"border-radius:30px\" srcset=\"https:\/\/pazinclusionigualdad.com\/wp-content\/uploads\/2025\/10\/Fontanars-6.jpg 500w, https:\/\/pazinclusionigualdad.com\/wp-content\/uploads\/2025\/10\/Fontanars-6-300x200.jpg 300w\" sizes=\"auto, (max-width: 500px) 100vw, 500px\" \/><\/figure>\n<\/div>\n\n\n\n<div class=\"wp-block-column is-layout-flow wp-block-column-is-layout-flow\" style=\"flex-basis:25%\"><\/div>\n<\/div>\n\n\n\n<div class=\"wp-block-group has-background is-vertical is-layout-flex wp-container-core-group-is-layout-fe9cc265 wp-block-group-is-layout-flex\" style=\"border-radius:30px;background-color:#7bdbb580\">\n<p><strong>La paraula : RESPECTE, per Chelo, Isabel y Ester.<\/strong><\/p>\n\n\n\n<p>La paraula respecto, est\u00e0 formada per moltes lletres: (Puedes poner cada una de las letras RESPETO, con un color diferente? Es para destacar un poco, y ampliarla un poco o destacarla de alguna forma creativa)<\/p>\n\n\n\n<p>R . R\u00ede pero no de los dem\u00e1s.<\/p>\n\n\n\n<p>E.&nbsp; Expresat\u00e9, sin hacer da\u00f1o con tus opiniones.<\/p>\n\n\n\n<p>S, S\u00e9 fuerte sin humillar a otras personas.<\/p>\n\n\n\n<p>P. Puedes pensar distinto, los dem\u00e1s tambi\u00e9n,&nbsp;<\/p>\n\n\n\n<p>E. Espera de los dem\u00e1s, lo que eres capaz de dar.&nbsp;<\/p>\n\n\n\n<p>T. Ten en cuenta las ideas de las otras personas.&nbsp;<\/p>\n\n\n\n<p>O. Observa lo que te rodea sin juzgar.<\/p>\n\n\n\n<p>Todas estas frases expresan formas diferentes de respetar a las dem\u00e1s personas.<\/p>\n\n\n\n<p>Hay que ponerse en el lugar de la otra persona, y tratar la igual que nos gustar\u00eda que nos trataran a nosotras.&nbsp;<\/p>\n<\/div>\n\n\n\n<div class=\"wp-block-columns is-layout-flex wp-container-core-columns-is-layout-28f84493 wp-block-columns-is-layout-flex\">\n<div class=\"wp-block-column is-layout-flow wp-block-column-is-layout-flow\">\n<figure class=\"wp-block-image size-full has-custom-border\"><img loading=\"lazy\" decoding=\"async\" width=\"500\" height=\"333\" src=\"https:\/\/pazinclusionigualdad.com\/wp-content\/uploads\/2025\/10\/Fontanars-9.jpg\" alt=\"\" class=\"wp-image-617\" style=\"border-radius:30px\" srcset=\"https:\/\/pazinclusionigualdad.com\/wp-content\/uploads\/2025\/10\/Fontanars-9.jpg 500w, https:\/\/pazinclusionigualdad.com\/wp-content\/uploads\/2025\/10\/Fontanars-9-300x200.jpg 300w\" sizes=\"auto, (max-width: 500px) 100vw, 500px\" \/><\/figure>\n<\/div>\n\n\n\n<div class=\"wp-block-column is-layout-flow wp-block-column-is-layout-flow\">\n<figure class=\"wp-block-image aligncenter size-full has-custom-border\"><img loading=\"lazy\" decoding=\"async\" width=\"500\" height=\"333\" src=\"https:\/\/pazinclusionigualdad.com\/wp-content\/uploads\/2025\/10\/Fontanars-10.jpg\" alt=\"\" class=\"wp-image-618\" style=\"border-radius:30px\" srcset=\"https:\/\/pazinclusionigualdad.com\/wp-content\/uploads\/2025\/10\/Fontanars-10.jpg 500w, https:\/\/pazinclusionigualdad.com\/wp-content\/uploads\/2025\/10\/Fontanars-10-300x200.jpg 300w\" sizes=\"auto, (max-width: 500px) 100vw, 500px\" \/><\/figure>\n<\/div>\n<\/div>\n\n\n\n<div class=\"wp-block-group has-background is-vertical is-layout-flex wp-container-core-group-is-layout-fe9cc265 wp-block-group-is-layout-flex\" style=\"border-radius:30px;background-color:#7bdbb580\">\n<p><strong>La recepta de la pau, con Maria Jes\u00fas, Maria \u00c1ngeles i Maru.<\/strong><\/p>\n\n\n\n<p>Recepta culin\u00e0ria per obrir la gana contra la discriminaci\u00f3.<\/p>\n\n\n\n<p>Plato combinado, r\u00e1pido de hacer, y nutriente. Muy recomendable para todas las edades.<\/p>\n\n\n\n<p>Ya que dan opciones sanas, a la comida r\u00e1pida de la violencia.<\/p>\n\n\n\n<p><em>Ensalada del respeto con carpacho de empat\u00eda y virutas de buen trato.<\/em><\/p>\n\n\n\n<p>Lista de ingredientes:<\/p>\n\n\n\n<ul class=\"wp-block-list\">\n<li>10 hojas de respeto variado: 2 hojas de autoestima, 2 de mirada positiva, 2 palabras tranquilas, 2 de ganas de escuchar y 2 de di\u00e1logo compartido.<\/li>\n\n\n\n<li>20 gramos empat\u00eda, que se filetea muy fina para que se perciba todo el sabor, de ponerte en el lugar de la otra persona.<\/li>\n\n\n\n<li>2 cucharaditas de virutas de buen trato, combinando a partes iguales, no a la violencia y si a la dignidad de las personas y los pueblos.<\/li>\n\n\n\n<li>Para el ali\u00f1ado, emulsi\u00f3n de esencia antirracista, con gotas feministas y una pizca de derechos humanos en la diversidad.<\/li>\n<\/ul>\n\n\n\n<p><strong>Preparaci\u00f3n:&nbsp;<\/strong><\/p>\n\n\n\n<p>Se puede recoger las hojas aprendiendo de las personas de nuestro entorno, que dialogan para construir, para participar y para colaborar.<\/p>\n\n\n\n<p>Las hojas de respeto se colocan en la base del plato, abriendo espacio para colocar la empat\u00eda, bien distribuida, de forma que su sabor pueda estar en cada bocado.<\/p>\n\n\n\n<p>Las virutas de buen trato son esenciales para la est\u00e9tica del plato, en conjunto, ya que tienen que verse, pues si se quedara solo en la sutileza del sabor, corremos el peligro de hacer silencios, c\u00f3mplices que fuerzan a la violencia.<\/p>\n\n\n\n<p><strong>Consejos:&nbsp;<\/strong><\/p>\n\n\n\n<ul class=\"wp-block-list\">\n<li>Este plato puede ampliarse tanto de cantidad como de ingredientes, porque se basa en la cesta del mercado, de la cultura de la paz y la justicia social.<\/li>\n\n\n\n<li>Si alguna persona no identifica alg\u00fan sabor, el grupo puede compartir experiencias y otras recetas para ayudarle a reconocerlo.<\/li>\n\n\n\n<li>Es una receta que puede separarla para llevar en tartera y comer en el campo incluso sabe mejor, pues repiensas lo unidas que estamos a la naturaleza.<\/li>\n<\/ul>\n<\/div>\n\n\n\n<div class=\"wp-block-columns is-layout-flex wp-container-core-columns-is-layout-28f84493 wp-block-columns-is-layout-flex\">\n<div class=\"wp-block-column is-layout-flow wp-block-column-is-layout-flow\" style=\"flex-basis:25%\">\n<figure class=\"wp-block-image alignright size-full has-custom-border\"><img loading=\"lazy\" decoding=\"async\" width=\"300\" height=\"420\" src=\"https:\/\/pazinclusionigualdad.com\/wp-content\/uploads\/2025\/10\/Fontanars-13b.jpg\" alt=\"\" class=\"wp-image-633\" style=\"border-radius:30px;object-fit:cover\" srcset=\"https:\/\/pazinclusionigualdad.com\/wp-content\/uploads\/2025\/10\/Fontanars-13b.jpg 300w, https:\/\/pazinclusionigualdad.com\/wp-content\/uploads\/2025\/10\/Fontanars-13b-214x300.jpg 214w\" sizes=\"auto, (max-width: 300px) 100vw, 300px\" \/><\/figure>\n<\/div>\n\n\n\n<div class=\"wp-block-column is-layout-flow wp-block-column-is-layout-flow\" style=\"flex-basis:50%\">\n<figure class=\"wp-block-image aligncenter size-full has-custom-border\"><img loading=\"lazy\" decoding=\"async\" width=\"500\" height=\"333\" src=\"https:\/\/pazinclusionigualdad.com\/wp-content\/uploads\/2025\/10\/Fontanars-12.jpg\" alt=\"\" class=\"wp-image-621\" style=\"border-radius:30px\" srcset=\"https:\/\/pazinclusionigualdad.com\/wp-content\/uploads\/2025\/10\/Fontanars-12.jpg 500w, https:\/\/pazinclusionigualdad.com\/wp-content\/uploads\/2025\/10\/Fontanars-12-300x200.jpg 300w\" sizes=\"auto, (max-width: 500px) 100vw, 500px\" \/><\/figure>\n<\/div>\n\n\n\n<div class=\"wp-block-column is-layout-flow wp-block-column-is-layout-flow\" style=\"flex-basis:25%\">\n<figure class=\"wp-block-image alignleft size-full has-custom-border\"><img loading=\"lazy\" decoding=\"async\" width=\"300\" height=\"450\" src=\"https:\/\/pazinclusionigualdad.com\/wp-content\/uploads\/2025\/10\/Fontanars-11.jpg\" alt=\"\" class=\"wp-image-628\" style=\"border-radius:30px\" srcset=\"https:\/\/pazinclusionigualdad.com\/wp-content\/uploads\/2025\/10\/Fontanars-11.jpg 300w, https:\/\/pazinclusionigualdad.com\/wp-content\/uploads\/2025\/10\/Fontanars-11-200x300.jpg 200w\" sizes=\"auto, (max-width: 300px) 100vw, 300px\" \/><\/figure>\n<\/div>\n<\/div>\n\n\n\n<div class=\"wp-block-group has-background is-vertical is-layout-flex wp-container-core-group-is-layout-fe9cc265 wp-block-group-is-layout-flex\" style=\"border-radius:30px;background-color:#7bdbb580\">\n<p><strong>EL POEMA \u201cMi amigo sol\u201d, de GLORIA FUERTES, per Carmen y Mar\u00eda.<\/strong><\/p>\n\n\n\n<p>Sol, astro amigo, rey de los astros.<\/p>\n\n\n\n<p>S\u00e9 que, sin ti, nada nace en el campo.<\/p>\n\n\n\n<p>Sol, astro amigo, yo te bendigo.<\/p>\n\n\n\n<p>Vente conmigo, ya somos dos.<\/p>\n\n\n\n<p>Sol, astro amigo, me das mi sombra y juega conmigo, ya somos tres.<\/p>\n\n\n\n<p>Como un perrito me sigue, mi sombra asombrada, corre la sombra corre, me paro separa, r\u00edo y se r\u00ede, salto y salta.<\/p>\n\n\n\n<p>Tengo buena sombra, sol, gracias a tu gracia.<\/p>\n<\/div>\n\n\n\n<figure class=\"wp-block-image aligncenter size-full has-custom-border\"><img loading=\"lazy\" decoding=\"async\" width=\"800\" height=\"433\" src=\"https:\/\/pazinclusionigualdad.com\/wp-content\/uploads\/2025\/10\/Fontanars-ultima.jpg\" alt=\"\" class=\"wp-image-620\" style=\"border-radius:30px\" srcset=\"https:\/\/pazinclusionigualdad.com\/wp-content\/uploads\/2025\/10\/Fontanars-ultima.jpg 800w, https:\/\/pazinclusionigualdad.com\/wp-content\/uploads\/2025\/10\/Fontanars-ultima-300x162.jpg 300w, https:\/\/pazinclusionigualdad.com\/wp-content\/uploads\/2025\/10\/Fontanars-ultima-768x416.jpg 768w\" sizes=\"auto, (max-width: 800px) 100vw, 800px\" \/><\/figure>\n","protected":false},"excerpt":{"rendered":"<p>TEMA CENTRAL: 5 d\u2019abril dia internacional de la consci\u00e8ncia. Participants: Sara, Pep, Inma, Pilar, Chelo, Isabel, Ester, M\u00aa Jes\u00fas, M\u00aa \u00c1ngeles, Maru, Carmen y Mar\u00eda. Moltes gr\u00e0cies Mar\u00eda, per la teua col\u00b7laboraci\u00f3 amb el grup. Gr\u00e0cies, Cristina per facilitar el proc\u00e9s, des de l\u2019Ajuntament. Sara i Pep som la vostra parella presentadora d\u2019aquest programa de [&hellip;]<\/p>\n","protected":false},"author":2,"featured_media":0,"parent":568,"menu_order":0,"comment_status":"closed","ping_status":"closed","template":"","meta":{"footnotes":""},"class_list":["post-601","page","type-page","status-publish","hentry"],"_links":{"self":[{"href":"https:\/\/pazinclusionigualdad.com\/index.php\/wp-json\/wp\/v2\/pages\/601","targetHints":{"allow":["GET"]}}],"collection":[{"href":"https:\/\/pazinclusionigualdad.com\/index.php\/wp-json\/wp\/v2\/pages"}],"about":[{"href":"https:\/\/pazinclusionigualdad.com\/index.php\/wp-json\/wp\/v2\/types\/page"}],"author":[{"embeddable":true,"href":"https:\/\/pazinclusionigualdad.com\/index.php\/wp-json\/wp\/v2\/users\/2"}],"replies":[{"embeddable":true,"href":"https:\/\/pazinclusionigualdad.com\/index.php\/wp-json\/wp\/v2\/comments?post=601"}],"version-history":[{"count":19,"href":"https:\/\/pazinclusionigualdad.com\/index.php\/wp-json\/wp\/v2\/pages\/601\/revisions"}],"predecessor-version":[{"id":648,"href":"https:\/\/pazinclusionigualdad.com\/index.php\/wp-json\/wp\/v2\/pages\/601\/revisions\/648"}],"up":[{"embeddable":true,"href":"https:\/\/pazinclusionigualdad.com\/index.php\/wp-json\/wp\/v2\/pages\/568"}],"wp:attachment":[{"href":"https:\/\/pazinclusionigualdad.com\/index.php\/wp-json\/wp\/v2\/media?parent=601"}],"curies":[{"name":"wp","href":"https:\/\/api.w.org\/{rel}","templated":true}]}}