{"id":574,"date":"2025-10-21T09:47:24","date_gmt":"2025-10-21T07:47:24","guid":{"rendered":"https:\/\/pazinclusionigualdad.com\/?page_id=574"},"modified":"2025-12-15T19:56:38","modified_gmt":"2025-12-15T18:56:38","slug":"fp-gs-educacion-infantil-ies-leliana","status":"publish","type":"page","link":"https:\/\/pazinclusionigualdad.com\/index.php\/procesos-de-radio-social-y-comunitaria\/fp-gs-educacion-infantil-ies-leliana\/","title":{"rendered":"FP GS Educaci\u00f3n Infantil IES L\u2019ELIANA"},"content":{"rendered":"\n<p>PROCESO DE RADIO SOCIAL Y COMUNITARIA PARA LA CULTURA DE LA PAZ &nbsp;<\/p>\n\n\n\n<p>GRUPO PARTICIPANTE: FP GS Educaci\u00f3n Infantil IES L\u2019ELIANA.<\/p>\n\n\n\n<figure class=\"wp-block-image aligncenter size-large is-resized has-custom-border\"><img loading=\"lazy\" decoding=\"async\" width=\"1024\" height=\"297\" src=\"https:\/\/pazinclusionigualdad.com\/wp-content\/uploads\/2025\/10\/Logo-IES-LEliana-1024x297.jpg\" alt=\"\" class=\"wp-image-575\" style=\"border-radius:30px;width:590px;height:auto\" srcset=\"https:\/\/pazinclusionigualdad.com\/wp-content\/uploads\/2025\/10\/Logo-IES-LEliana-1024x297.jpg 1024w, https:\/\/pazinclusionigualdad.com\/wp-content\/uploads\/2025\/10\/Logo-IES-LEliana-300x87.jpg 300w, https:\/\/pazinclusionigualdad.com\/wp-content\/uploads\/2025\/10\/Logo-IES-LEliana-768x222.jpg 768w, https:\/\/pazinclusionigualdad.com\/wp-content\/uploads\/2025\/10\/Logo-IES-LEliana-1536x445.jpg 1536w, https:\/\/pazinclusionigualdad.com\/wp-content\/uploads\/2025\/10\/Logo-IES-LEliana.jpg 1920w\" sizes=\"auto, (max-width: 1024px) 100vw, 1024px\" \/><\/figure>\n\n\n\n<div class=\"wp-block-group has-background is-vertical is-layout-flex wp-container-core-group-is-layout-fe9cc265 wp-block-group-is-layout-flex\" style=\"border-radius:30px;background-color:#f78da882\">\n<p>TEMA CENTRAL: El desarrollo motor en la primera infancia.<\/p>\n\n\n\n<p>PARTICIPANTES: Clara, Alba, Mar\u00eda, Selena, Dani, Valeria, \u00c1ngela, Antonio, Nerea, Natalia. Alexandra, Olivia, Natalia. Ainhoa, C\u00e1rol, Alba, y Pau.<\/p>\n\n\n\n<p>Apoyo y colaboraci\u00f3n del equipo profesional: Maria y \u00c0lvar.<\/p>\n<\/div>\n\n\n\n<p>Como futuras educadoras y educadores infantiles, tenemos la responsabilidad de educar a la infancia en valores de Paz, y apoyar a sus familias en reforzar las estrategias de convivencia positiva, comenzando por <strong>fomentar el desarrollo motor, vinculado a las emociones y el buen trato, la identidad cultural y la participaci\u00f3n en el grupo familiar y social<\/strong>.<\/p>\n\n\n\n<p>Os aportamos 4 programas de radio, que hemos creado con la finalidad de ayudar a <strong>sentir y pensar<\/strong> en la necesidad que la infancia tiene por experimentar desde las situaciones de empat\u00eda, de colaboraci\u00f3n, de solidaridad y de respeto a la diversidad, reflejando el valor de la dignidad de las personas y de los grupos en comunidad.<\/p>\n\n\n\n<p>Estas experiencias vitales de las ni\u00f1as y los ni\u00f1os, se generan desde el <strong>actuar<\/strong> de las familias y los equipos profesionales, con la implicaci\u00f3n emocional, social y \u00e9tica en la Cultura de la Paz.<\/p>\n\n\n\n<figure class=\"wp-block-audio\"><audio controls src=\"https:\/\/pazinclusionigualdad.com\/wp-content\/uploads\/2025\/10\/PROGRAMA-1-La-convivencia-familiar-y-desarrollo-motor.mp3\"><\/audio><figcaption class=\"wp-element-caption\"><strong>Dale a play para escuchar el programa 1 \u201cLa convivencia familiar y desarrollo motor\u201d<\/strong><\/figcaption><\/figure>\n\n\n\n<div class=\"wp-block-columns is-layout-flex wp-container-core-columns-is-layout-28f84493 wp-block-columns-is-layout-flex\">\n<div class=\"wp-block-column is-layout-flow wp-block-column-is-layout-flow\">\n<figure class=\"wp-block-image aligncenter size-full has-custom-border\"><img loading=\"lazy\" decoding=\"async\" width=\"300\" height=\"300\" src=\"https:\/\/pazinclusionigualdad.com\/wp-content\/uploads\/2025\/10\/IES-Eliana-1.jpg\" alt=\"\" class=\"wp-image-582\" style=\"border-radius:30px\" srcset=\"https:\/\/pazinclusionigualdad.com\/wp-content\/uploads\/2025\/10\/IES-Eliana-1.jpg 300w, https:\/\/pazinclusionigualdad.com\/wp-content\/uploads\/2025\/10\/IES-Eliana-1-150x150.jpg 150w\" sizes=\"auto, (max-width: 300px) 100vw, 300px\" \/><\/figure>\n<\/div>\n\n\n\n<div class=\"wp-block-column is-layout-flow wp-block-column-is-layout-flow\">\n<figure class=\"wp-block-image aligncenter size-full has-custom-border\"><img loading=\"lazy\" decoding=\"async\" width=\"300\" height=\"300\" src=\"https:\/\/pazinclusionigualdad.com\/wp-content\/uploads\/2025\/10\/IES-Eliana-2.jpg\" alt=\"\" class=\"wp-image-583\" style=\"border-radius:30px\" srcset=\"https:\/\/pazinclusionigualdad.com\/wp-content\/uploads\/2025\/10\/IES-Eliana-2.jpg 300w, https:\/\/pazinclusionigualdad.com\/wp-content\/uploads\/2025\/10\/IES-Eliana-2-150x150.jpg 150w\" sizes=\"auto, (max-width: 300px) 100vw, 300px\" \/><\/figure>\n<\/div>\n\n\n\n<div class=\"wp-block-column is-layout-flow wp-block-column-is-layout-flow\">\n<figure class=\"wp-block-image aligncenter size-full has-custom-border\"><img loading=\"lazy\" decoding=\"async\" width=\"300\" height=\"300\" src=\"https:\/\/pazinclusionigualdad.com\/wp-content\/uploads\/2025\/10\/IES-Eliana-3.jpg\" alt=\"\" class=\"wp-image-584\" style=\"border-radius:30px\" srcset=\"https:\/\/pazinclusionigualdad.com\/wp-content\/uploads\/2025\/10\/IES-Eliana-3.jpg 300w, https:\/\/pazinclusionigualdad.com\/wp-content\/uploads\/2025\/10\/IES-Eliana-3-150x150.jpg 150w\" sizes=\"auto, (max-width: 300px) 100vw, 300px\" \/><\/figure>\n<\/div>\n\n\n\n<div class=\"wp-block-column is-layout-flow wp-block-column-is-layout-flow\">\n<figure class=\"wp-block-image size-large has-custom-border\"><img loading=\"lazy\" decoding=\"async\" width=\"1024\" height=\"1024\" src=\"https:\/\/pazinclusionigualdad.com\/wp-content\/uploads\/2025\/10\/IES-Eliana-4-1024x1024.jpg\" alt=\"\" class=\"wp-image-649\" style=\"border-radius:30px\" srcset=\"https:\/\/pazinclusionigualdad.com\/wp-content\/uploads\/2025\/10\/IES-Eliana-4-1024x1024.jpg 1024w, https:\/\/pazinclusionigualdad.com\/wp-content\/uploads\/2025\/10\/IES-Eliana-4-300x300.jpg 300w, https:\/\/pazinclusionigualdad.com\/wp-content\/uploads\/2025\/10\/IES-Eliana-4-150x150.jpg 150w, https:\/\/pazinclusionigualdad.com\/wp-content\/uploads\/2025\/10\/IES-Eliana-4-768x768.jpg 768w, https:\/\/pazinclusionigualdad.com\/wp-content\/uploads\/2025\/10\/IES-Eliana-4.jpg 1200w\" sizes=\"auto, (max-width: 1024px) 100vw, 1024px\" \/><\/figure>\n<\/div>\n<\/div>\n\n\n\n<figure class=\"wp-block-audio\"><audio controls src=\"https:\/\/pazinclusionigualdad.com\/wp-content\/uploads\/2025\/10\/PROGRAMA-2-La-educacion-emocional-y-el-desarrollo-motor.mp3\"><\/audio><figcaption class=\"wp-element-caption\"><strong>Para escuchar el programa 2 \u201cLa educaci\u00f3n emocional y el desarrollo motor\u201d,&nbsp; pulsa play<\/strong><\/figcaption><\/figure>\n\n\n\n<div class=\"wp-block-columns is-layout-flex wp-container-core-columns-is-layout-28f84493 wp-block-columns-is-layout-flex\">\n<div class=\"wp-block-column is-layout-flow wp-block-column-is-layout-flow\">\n<figure class=\"wp-block-image size-full has-custom-border\"><img loading=\"lazy\" decoding=\"async\" width=\"300\" height=\"300\" src=\"https:\/\/pazinclusionigualdad.com\/wp-content\/uploads\/2025\/10\/IES-Eliana-5.jpg\" alt=\"\" class=\"wp-image-651\" style=\"border-radius:30px\" srcset=\"https:\/\/pazinclusionigualdad.com\/wp-content\/uploads\/2025\/10\/IES-Eliana-5.jpg 300w, https:\/\/pazinclusionigualdad.com\/wp-content\/uploads\/2025\/10\/IES-Eliana-5-150x150.jpg 150w\" sizes=\"auto, (max-width: 300px) 100vw, 300px\" \/><\/figure>\n<\/div>\n\n\n\n<div class=\"wp-block-column is-layout-flow wp-block-column-is-layout-flow\">\n<figure class=\"wp-block-image size-full has-custom-border\"><img loading=\"lazy\" decoding=\"async\" width=\"300\" height=\"300\" src=\"https:\/\/pazinclusionigualdad.com\/wp-content\/uploads\/2025\/10\/IES-Eliana-8.jpg\" alt=\"\" class=\"wp-image-586\" style=\"border-radius:30px\" srcset=\"https:\/\/pazinclusionigualdad.com\/wp-content\/uploads\/2025\/10\/IES-Eliana-8.jpg 300w, https:\/\/pazinclusionigualdad.com\/wp-content\/uploads\/2025\/10\/IES-Eliana-8-150x150.jpg 150w\" sizes=\"auto, (max-width: 300px) 100vw, 300px\" \/><\/figure>\n<\/div>\n\n\n\n<div class=\"wp-block-column is-layout-flow wp-block-column-is-layout-flow\">\n<figure class=\"wp-block-image size-full has-custom-border\"><img loading=\"lazy\" decoding=\"async\" width=\"300\" height=\"300\" src=\"https:\/\/pazinclusionigualdad.com\/wp-content\/uploads\/2025\/10\/IES-Eliana-6.jpg\" alt=\"\" class=\"wp-image-652\" style=\"border-radius:30px\" srcset=\"https:\/\/pazinclusionigualdad.com\/wp-content\/uploads\/2025\/10\/IES-Eliana-6.jpg 300w, https:\/\/pazinclusionigualdad.com\/wp-content\/uploads\/2025\/10\/IES-Eliana-6-150x150.jpg 150w\" sizes=\"auto, (max-width: 300px) 100vw, 300px\" \/><\/figure>\n<\/div>\n\n\n\n<div class=\"wp-block-column is-layout-flow wp-block-column-is-layout-flow\">\n<figure class=\"wp-block-image size-full has-custom-border\"><img loading=\"lazy\" decoding=\"async\" width=\"300\" height=\"300\" src=\"https:\/\/pazinclusionigualdad.com\/wp-content\/uploads\/2025\/10\/IES-Eliana-7.jpg\" alt=\"\" class=\"wp-image-654\" style=\"border-radius:30px\" srcset=\"https:\/\/pazinclusionigualdad.com\/wp-content\/uploads\/2025\/10\/IES-Eliana-7.jpg 300w, https:\/\/pazinclusionigualdad.com\/wp-content\/uploads\/2025\/10\/IES-Eliana-7-150x150.jpg 150w\" sizes=\"auto, (max-width: 300px) 100vw, 300px\" \/><\/figure>\n<\/div>\n<\/div>\n\n\n\n<figure class=\"wp-block-audio\"><audio controls src=\"https:\/\/pazinclusionigualdad.com\/wp-content\/uploads\/2025\/10\/PROGRAMA-3-Moverse-para-crecer.mp3\"><\/audio><figcaption class=\"wp-element-caption\"><strong>Escucha el programa 3 \u201cMoverse para crecer\u201d, pulsando play<\/strong><\/figcaption><\/figure>\n\n\n\n<div class=\"wp-block-columns is-layout-flex wp-container-core-columns-is-layout-28f84493 wp-block-columns-is-layout-flex\">\n<div class=\"wp-block-column is-layout-flow wp-block-column-is-layout-flow\">\n<figure class=\"wp-block-image aligncenter size-full has-custom-border\"><img loading=\"lazy\" decoding=\"async\" width=\"450\" height=\"300\" src=\"https:\/\/pazinclusionigualdad.com\/wp-content\/uploads\/2025\/10\/IES-Eliana-9.jpg\" alt=\"\" class=\"wp-image-587\" style=\"border-radius:30px\" srcset=\"https:\/\/pazinclusionigualdad.com\/wp-content\/uploads\/2025\/10\/IES-Eliana-9.jpg 450w, https:\/\/pazinclusionigualdad.com\/wp-content\/uploads\/2025\/10\/IES-Eliana-9-300x200.jpg 300w\" sizes=\"auto, (max-width: 450px) 100vw, 450px\" \/><\/figure>\n<\/div>\n\n\n\n<div class=\"wp-block-column is-layout-flow wp-block-column-is-layout-flow\">\n<figure class=\"wp-block-image aligncenter size-full has-custom-border\"><img loading=\"lazy\" decoding=\"async\" width=\"450\" height=\"300\" src=\"https:\/\/pazinclusionigualdad.com\/wp-content\/uploads\/2025\/10\/IES-Eliana-10.jpg\" alt=\"\" class=\"wp-image-588\" style=\"border-radius:30px\" srcset=\"https:\/\/pazinclusionigualdad.com\/wp-content\/uploads\/2025\/10\/IES-Eliana-10.jpg 450w, https:\/\/pazinclusionigualdad.com\/wp-content\/uploads\/2025\/10\/IES-Eliana-10-300x200.jpg 300w\" sizes=\"auto, (max-width: 450px) 100vw, 450px\" \/><\/figure>\n<\/div>\n<\/div>\n\n\n\n<div class=\"wp-block-columns is-layout-flex wp-container-core-columns-is-layout-28f84493 wp-block-columns-is-layout-flex\">\n<div class=\"wp-block-column is-layout-flow wp-block-column-is-layout-flow\">\n<figure class=\"wp-block-image aligncenter size-full has-custom-border\"><img loading=\"lazy\" decoding=\"async\" width=\"450\" height=\"300\" src=\"https:\/\/pazinclusionigualdad.com\/wp-content\/uploads\/2025\/10\/IES-Eliana-11.jpg\" alt=\"\" class=\"wp-image-657\" style=\"border-radius:30px\" srcset=\"https:\/\/pazinclusionigualdad.com\/wp-content\/uploads\/2025\/10\/IES-Eliana-11.jpg 450w, https:\/\/pazinclusionigualdad.com\/wp-content\/uploads\/2025\/10\/IES-Eliana-11-300x200.jpg 300w\" sizes=\"auto, (max-width: 450px) 100vw, 450px\" \/><\/figure>\n<\/div>\n\n\n\n<div class=\"wp-block-column is-layout-flow wp-block-column-is-layout-flow\">\n<figure class=\"wp-block-image aligncenter size-full has-custom-border\"><img loading=\"lazy\" decoding=\"async\" width=\"450\" height=\"300\" src=\"https:\/\/pazinclusionigualdad.com\/wp-content\/uploads\/2025\/10\/IES-Eliana-12.jpg\" alt=\"\" class=\"wp-image-658\" style=\"border-radius:30px\" srcset=\"https:\/\/pazinclusionigualdad.com\/wp-content\/uploads\/2025\/10\/IES-Eliana-12.jpg 450w, https:\/\/pazinclusionigualdad.com\/wp-content\/uploads\/2025\/10\/IES-Eliana-12-300x200.jpg 300w\" sizes=\"auto, (max-width: 450px) 100vw, 450px\" \/><\/figure>\n<\/div>\n<\/div>\n\n\n\n<figure class=\"wp-block-audio\"><audio controls src=\"https:\/\/pazinclusionigualdad.com\/wp-content\/uploads\/2025\/10\/PROGRAMA-4-La-identidad-cultural-y-el-desarrollo-motor.mp3\"><\/audio><figcaption class=\"wp-element-caption\"><strong>Pulsa play, para conocer el programa 4 \u201cLa identidad cultural y el desarrollo motor\u201d<\/strong><\/figcaption><\/figure>\n\n\n\n<div class=\"wp-block-columns is-layout-flex wp-container-core-columns-is-layout-28f84493 wp-block-columns-is-layout-flex\">\n<div class=\"wp-block-column is-layout-flow wp-block-column-is-layout-flow\">\n<figure class=\"wp-block-image aligncenter size-full has-custom-border\"><img loading=\"lazy\" decoding=\"async\" width=\"450\" height=\"300\" src=\"https:\/\/pazinclusionigualdad.com\/wp-content\/uploads\/2025\/10\/IES-Eliana-13.jpg\" alt=\"\" class=\"wp-image-660\" style=\"border-radius:30px\" srcset=\"https:\/\/pazinclusionigualdad.com\/wp-content\/uploads\/2025\/10\/IES-Eliana-13.jpg 450w, https:\/\/pazinclusionigualdad.com\/wp-content\/uploads\/2025\/10\/IES-Eliana-13-300x200.jpg 300w\" sizes=\"auto, (max-width: 450px) 100vw, 450px\" \/><\/figure>\n<\/div>\n\n\n\n<div class=\"wp-block-column is-layout-flow wp-block-column-is-layout-flow\">\n<figure class=\"wp-block-image aligncenter size-full is-resized has-custom-border\"><img loading=\"lazy\" decoding=\"async\" width=\"450\" height=\"300\" src=\"https:\/\/pazinclusionigualdad.com\/wp-content\/uploads\/2025\/10\/IES-Eliana-16.jpg\" alt=\"\" class=\"wp-image-592\" style=\"border-radius:30px;width:450px\" srcset=\"https:\/\/pazinclusionigualdad.com\/wp-content\/uploads\/2025\/10\/IES-Eliana-16.jpg 450w, https:\/\/pazinclusionigualdad.com\/wp-content\/uploads\/2025\/10\/IES-Eliana-16-300x200.jpg 300w\" sizes=\"auto, (max-width: 450px) 100vw, 450px\" \/><\/figure>\n<\/div>\n<\/div>\n\n\n\n<div class=\"wp-block-columns is-layout-flex wp-container-core-columns-is-layout-28f84493 wp-block-columns-is-layout-flex\">\n<div class=\"wp-block-column is-layout-flow wp-block-column-is-layout-flow\">\n<figure class=\"wp-block-image aligncenter size-full has-custom-border\"><img loading=\"lazy\" decoding=\"async\" width=\"450\" height=\"300\" src=\"https:\/\/pazinclusionigualdad.com\/wp-content\/uploads\/2025\/10\/IES-Eliana-15.jpg\" alt=\"\" class=\"wp-image-589\" style=\"border-radius:30px\" srcset=\"https:\/\/pazinclusionigualdad.com\/wp-content\/uploads\/2025\/10\/IES-Eliana-15.jpg 450w, https:\/\/pazinclusionigualdad.com\/wp-content\/uploads\/2025\/10\/IES-Eliana-15-300x200.jpg 300w\" sizes=\"auto, (max-width: 450px) 100vw, 450px\" \/><\/figure>\n<\/div>\n\n\n\n<div class=\"wp-block-column is-layout-flow wp-block-column-is-layout-flow\">\n<figure class=\"wp-block-image aligncenter size-full is-resized has-custom-border\"><img loading=\"lazy\" decoding=\"async\" width=\"450\" height=\"300\" src=\"https:\/\/pazinclusionigualdad.com\/wp-content\/uploads\/2025\/10\/IES-Eliana-14.jpg\" alt=\"\" class=\"wp-image-661\" style=\"border-radius:30px;width:450px\" srcset=\"https:\/\/pazinclusionigualdad.com\/wp-content\/uploads\/2025\/10\/IES-Eliana-14.jpg 450w, https:\/\/pazinclusionigualdad.com\/wp-content\/uploads\/2025\/10\/IES-Eliana-14-300x200.jpg 300w\" sizes=\"auto, (max-width: 450px) 100vw, 450px\" \/><\/figure>\n<\/div>\n<\/div>\n","protected":false},"excerpt":{"rendered":"<p>PROCESO DE RADIO SOCIAL Y COMUNITARIA PARA LA CULTURA DE LA PAZ &nbsp; GRUPO PARTICIPANTE: FP GS Educaci\u00f3n Infantil IES L\u2019ELIANA. TEMA CENTRAL: El desarrollo motor en la primera infancia. PARTICIPANTES: Clara, Alba, Mar\u00eda, Selena, Dani, Valeria, \u00c1ngela, Antonio, Nerea, Natalia. Alexandra, Olivia, Natalia. Ainhoa, C\u00e1rol, Alba, y Pau. Apoyo y colaboraci\u00f3n del equipo profesional: [&hellip;]<\/p>\n","protected":false},"author":2,"featured_media":0,"parent":568,"menu_order":0,"comment_status":"closed","ping_status":"closed","template":"","meta":{"footnotes":""},"class_list":["post-574","page","type-page","status-publish","hentry"],"_links":{"self":[{"href":"https:\/\/pazinclusionigualdad.com\/index.php\/wp-json\/wp\/v2\/pages\/574","targetHints":{"allow":["GET"]}}],"collection":[{"href":"https:\/\/pazinclusionigualdad.com\/index.php\/wp-json\/wp\/v2\/pages"}],"about":[{"href":"https:\/\/pazinclusionigualdad.com\/index.php\/wp-json\/wp\/v2\/types\/page"}],"author":[{"embeddable":true,"href":"https:\/\/pazinclusionigualdad.com\/index.php\/wp-json\/wp\/v2\/users\/2"}],"replies":[{"embeddable":true,"href":"https:\/\/pazinclusionigualdad.com\/index.php\/wp-json\/wp\/v2\/comments?post=574"}],"version-history":[{"count":12,"href":"https:\/\/pazinclusionigualdad.com\/index.php\/wp-json\/wp\/v2\/pages\/574\/revisions"}],"predecessor-version":[{"id":666,"href":"https:\/\/pazinclusionigualdad.com\/index.php\/wp-json\/wp\/v2\/pages\/574\/revisions\/666"}],"up":[{"embeddable":true,"href":"https:\/\/pazinclusionigualdad.com\/index.php\/wp-json\/wp\/v2\/pages\/568"}],"wp:attachment":[{"href":"https:\/\/pazinclusionigualdad.com\/index.php\/wp-json\/wp\/v2\/media?parent=574"}],"curies":[{"name":"wp","href":"https:\/\/api.w.org\/{rel}","templated":true}]}}